{"id":3575,"date":"2021-05-10T17:41:19","date_gmt":"2021-05-10T17:41:19","guid":{"rendered":"http:\/\/localhost:8181\/?page_id=3575"},"modified":"2021-05-26T10:43:53","modified_gmt":"2021-05-26T10:43:53","slug":"tratamiento","status":"publish","type":"page","link":"https:\/\/amaialasapsicologa.com\/?page_id=3575","title":{"rendered":"Tratamiento"},"content":{"rendered":"\n<div class=\"wp-block-cover alignfull has-background-dim-80 has-neve-text-color-background-color has-background-dim\" style=\"min-height:230px;aspect-ratio:unset;\"><img loading=\"lazy\" decoding=\"async\" width=\"2560\" height=\"1771\" class=\"wp-block-cover__image-background wp-image-3688\" alt=\"\" src=\"https:\/\/www.amaialasapsicologa.com\/wp-content\/uploads\/2021\/05\/miles-peacock-Kfvko5_gNlk-unsplash-scaled.jpg\" style=\"object-position:57% 45%\" data-object-fit=\"cover\" data-object-position=\"57% 45%\" srcset=\"https:\/\/amaialasapsicologa.com\/wp-content\/uploads\/2021\/05\/miles-peacock-Kfvko5_gNlk-unsplash-scaled.jpg 2560w, https:\/\/amaialasapsicologa.com\/wp-content\/uploads\/2021\/05\/miles-peacock-Kfvko5_gNlk-unsplash-300x208.jpg 300w, https:\/\/amaialasapsicologa.com\/wp-content\/uploads\/2021\/05\/miles-peacock-Kfvko5_gNlk-unsplash-1024x708.jpg 1024w, https:\/\/amaialasapsicologa.com\/wp-content\/uploads\/2021\/05\/miles-peacock-Kfvko5_gNlk-unsplash-768x531.jpg 768w, https:\/\/amaialasapsicologa.com\/wp-content\/uploads\/2021\/05\/miles-peacock-Kfvko5_gNlk-unsplash-1536x1063.jpg 1536w, https:\/\/amaialasapsicologa.com\/wp-content\/uploads\/2021\/05\/miles-peacock-Kfvko5_gNlk-unsplash-2048x1417.jpg 2048w\" sizes=\"auto, (max-width: 2560px) 100vw, 2560px\" \/><div class=\"wp-block-cover__inner-container is-layout-flow wp-block-cover-is-layout-flow\">\n<div class=\"wp-block-group alignfull has-nv-site-bg-color has-text-color\"><div class=\"wp-block-group__inner-container is-layout-flow wp-block-group-is-layout-flow\">\n<div style=\"height:30px\" aria-hidden=\"true\" class=\"wp-block-spacer\"><\/div>\n\n\n\n<p class=\"has-text-align-right has-nv-site-bg-color has-text-color\" style=\"font-size:25px\"><em>T<em>rauma konexioaren eten kronikoa da<\/em><\/em><\/p>\n\n\n\n<p class=\"has-text-align-right has-nv-site-bg-color has-text-color\" style=\"font-size:25px\"><em>El trauma es una interrupci\u00f3n cr\u00f3nica de la conexi\u00f3n<\/em><\/p>\n\n\n\n<p class=\"has-text-align-right has-nv-site-bg-color has-text-color has-medium-font-size\"><em>&#8211;Stephen Porges<\/em><\/p>\n<\/div><\/div>\n<\/div><\/div>\n\n\n\n<div style=\"height:25px\" aria-hidden=\"true\" class=\"wp-block-spacer\"><\/div>\n\n\n\n<div class=\"wp-block-group has-neve-text-color-color has-very-light-gray-to-cyan-bluish-gray-gradient-background has-text-color has-background is-layout-flow wp-block-group-is-layout-flow\"><div class=\"wp-block-group__inner-container\"><\/div><\/div>\n\n\n\n<div class=\"wp-block-columns is-layout-flex wp-container-core-columns-is-layout-9d6595d7 wp-block-columns-is-layout-flex\">\n<div class=\"wp-block-column is-layout-flow wp-block-column-is-layout-flow\">\n<div class=\"wp-block-columns is-layout-flex wp-container-core-columns-is-layout-9d6595d7 wp-block-columns-is-layout-flex\">\n<div class=\"wp-block-column is-layout-flow wp-block-column-is-layout-flow\" style=\"flex-basis:40%\">\n<h2 class=\"has-text-align-center wp-block-heading\">Tratamendua<\/h2>\n\n\n\n<p class=\"text-justified\">Esku-hartzearen helburua, ondoeza sortzen duten emozioen, jokabideen eta pentsamenduen inguruan konzientzia zabaltzea da. Honela, autoerregulazioaren, harmoniaren eta hazkunde pertsonalaren bidean aurrera egin dezakegu.<\/p>\n\n\n\n<p class=\"text-justified\">Lehen konsulta doakoa da, izan ere, garrantzitsua da kasu bakoitza baloratzea eta autoezagutzaren bide horretan, elkarrekin, lan egin dezakegun erabakitzea.<\/p>\n\n\n\n<p class=\"has-neve-link-color-color has-text-color\"><strong>Euskaraz eta gaztelaniaz artatzen dut.<\/strong><\/p>\n<\/div>\n\n\n\n<div class=\"wp-block-column is-layout-flow wp-block-column-is-layout-flow\">\n<div class=\"wp-block-cover has-background-dim-20 has-nv-site-bg-background-color has-background-dim\" style=\"min-height:530px;aspect-ratio:unset;\"><img loading=\"lazy\" decoding=\"async\" width=\"388\" height=\"1200\" class=\"wp-block-cover__image-background wp-image-3740\" alt=\"\" src=\"https:\/\/www.amaialasapsicologa.com\/wp-content\/uploads\/2021\/05\/pendulo-alargado-bg-tuned.png\" style=\"object-position:52% 93%\" data-object-fit=\"cover\" data-object-position=\"52% 93%\" srcset=\"https:\/\/amaialasapsicologa.com\/wp-content\/uploads\/2021\/05\/pendulo-alargado-bg-tuned.png 388w, https:\/\/amaialasapsicologa.com\/wp-content\/uploads\/2021\/05\/pendulo-alargado-bg-tuned-97x300.png 97w, https:\/\/amaialasapsicologa.com\/wp-content\/uploads\/2021\/05\/pendulo-alargado-bg-tuned-331x1024.png 331w\" sizes=\"auto, (max-width: 388px) 100vw, 388px\" \/><div class=\"wp-block-cover__inner-container is-layout-flow wp-block-cover-is-layout-flow\">\n<p class=\"has-text-align-center has-large-font-size\"><\/p>\n<\/div><\/div>\n<\/div>\n\n\n\n<div class=\"wp-block-column is-layout-flow wp-block-column-is-layout-flow\" style=\"flex-basis:40%\">\n<h2 class=\"has-text-align-center wp-block-heading\">Tratamiento<\/h2>\n\n\n\n<p class=\"text-justified\">El objetivo de la intervenci\u00f3n es alcanzar el bienestar, a trav\u00e9s de la toma de conciencia, identificando y reconduciendo las emociones, conductas y pensamientos que generan malestar, para poder avanzar en el camino de la auto-regulaci\u00f3n, armon\u00eda y crecimiento personal.<\/p>\n\n\n\n<p class=\"text-justified\">La primera consulta es gratuita ya que es importante valorar el caso y evaluar si podemos realizar junto\/as este trabajo de auto-conocimiento.<\/p>\n\n\n\n<p class=\"has-neve-link-color-color has-text-color\"><strong><strong>Atiendo en euskera y en castellano.<\/strong><\/strong><\/p>\n<\/div>\n<\/div>\n<\/div>\n<\/div>\n","protected":false},"excerpt":{"rendered":"<p>Tratamendua Esku-hartzearen helburua, ondoeza sortzen duten emozioen, jokabideen eta pentsamenduen inguruan konzientzia zabaltzea da. Honela, autoerregulazioaren, harmoniaren eta hazkunde pertsonalaren bidean aurrera egin dezakegu. Lehen konsulta doakoa da, izan ere, garrantzitsua da kasu bakoitza baloratzea eta autoezagutzaren bide horretan, elkarrekin, lan egin dezakegun erabakitzea. Euskaraz eta gaztelaniaz artatzen dut. Tratamiento El objetivo de la intervenci\u00f3n&hellip;&nbsp;<a href=\"https:\/\/amaialasapsicologa.com\/?page_id=3575\" class=\"\" rel=\"bookmark\">Leer m\u00e1s &raquo;<span class=\"screen-reader-text\">Tratamiento<\/span><\/a><\/p>\n","protected":false},"author":1,"featured_media":0,"parent":0,"menu_order":0,"comment_status":"closed","ping_status":"closed","template":"","meta":{"neve_meta_sidebar":"full-width","neve_meta_container":"contained","neve_meta_enable_content_width":"on","neve_meta_content_width":98,"neve_meta_title_alignment":"left","neve_meta_author_avatar":"","neve_post_elements_order":"","neve_meta_disable_header":"","neve_meta_disable_footer":"","neve_meta_disable_title":"on","footnotes":""},"class_list":["post-3575","page","type-page","status-publish","hentry"],"_links":{"self":[{"href":"https:\/\/amaialasapsicologa.com\/index.php?rest_route=\/wp\/v2\/pages\/3575","targetHints":{"allow":["GET"]}}],"collection":[{"href":"https:\/\/amaialasapsicologa.com\/index.php?rest_route=\/wp\/v2\/pages"}],"about":[{"href":"https:\/\/amaialasapsicologa.com\/index.php?rest_route=\/wp\/v2\/types\/page"}],"author":[{"embeddable":true,"href":"https:\/\/amaialasapsicologa.com\/index.php?rest_route=\/wp\/v2\/users\/1"}],"replies":[{"embeddable":true,"href":"https:\/\/amaialasapsicologa.com\/index.php?rest_route=%2Fwp%2Fv2%2Fcomments&post=3575"}],"version-history":[{"count":12,"href":"https:\/\/amaialasapsicologa.com\/index.php?rest_route=\/wp\/v2\/pages\/3575\/revisions"}],"predecessor-version":[{"id":3796,"href":"https:\/\/amaialasapsicologa.com\/index.php?rest_route=\/wp\/v2\/pages\/3575\/revisions\/3796"}],"wp:attachment":[{"href":"https:\/\/amaialasapsicologa.com\/index.php?rest_route=%2Fwp%2Fv2%2Fmedia&parent=3575"}],"curies":[{"name":"wp","href":"https:\/\/api.w.org\/{rel}","templated":true}]}}