{"id":3572,"date":"2021-05-10T17:30:21","date_gmt":"2021-05-10T17:30:21","guid":{"rendered":"http:\/\/localhost:8181\/?page_id=3572"},"modified":"2021-05-26T10:47:05","modified_gmt":"2021-05-26T10:47:05","slug":"presentacion","status":"publish","type":"page","link":"https:\/\/amaialasapsicologa.com\/?page_id=3572","title":{"rendered":"Presentaci\u00f3n"},"content":{"rendered":"\n<div class=\"wp-block-cover alignfull has-background-dim-60 has-background-dim has-background-gradient has-custom-content-position is-position-center-right\" style=\"min-height:230px;aspect-ratio:unset;\"><span aria-hidden=\"true\" class=\"wp-block-cover__gradient-background\" style=\"background:linear-gradient(135deg,rgb(238,238,238) 0%,rgb(169,184,195) 32%)\"><\/span><img loading=\"lazy\" decoding=\"async\" width=\"1920\" height=\"2560\" class=\"wp-block-cover__image-background wp-image-3690\" alt=\"\" src=\"https:\/\/www.amaialasapsicologa.com\/wp-content\/uploads\/2021\/05\/ardi-evans-XdHD39WjQb8-unsplash-scaled.jpg\" style=\"object-position:65% 43%\" data-object-fit=\"cover\" data-object-position=\"65% 43%\" srcset=\"https:\/\/amaialasapsicologa.com\/wp-content\/uploads\/2021\/05\/ardi-evans-XdHD39WjQb8-unsplash-scaled.jpg 1920w, https:\/\/amaialasapsicologa.com\/wp-content\/uploads\/2021\/05\/ardi-evans-XdHD39WjQb8-unsplash-225x300.jpg 225w, https:\/\/amaialasapsicologa.com\/wp-content\/uploads\/2021\/05\/ardi-evans-XdHD39WjQb8-unsplash-768x1024.jpg 768w, https:\/\/amaialasapsicologa.com\/wp-content\/uploads\/2021\/05\/ardi-evans-XdHD39WjQb8-unsplash-1152x1536.jpg 1152w, https:\/\/amaialasapsicologa.com\/wp-content\/uploads\/2021\/05\/ardi-evans-XdHD39WjQb8-unsplash-1536x2048.jpg 1536w\" sizes=\"auto, (max-width: 1920px) 100vw, 1920px\" \/><div class=\"wp-block-cover__inner-container is-layout-flow wp-block-cover-is-layout-flow\">\n<div class=\"wp-block-group has-nv-site-bg-color has-text-color\"><div class=\"wp-block-group__inner-container is-layout-flow wp-block-group-is-layout-flow\">\n<div class=\"wp-block-group has-neve-text-color-color has-text-color\"><div class=\"wp-block-group__inner-container is-layout-flow wp-block-group-is-layout-flow\">\n<div class=\"wp-block-group\"><div class=\"wp-block-group__inner-container is-layout-flow wp-block-group-is-layout-flow\">\n<p class=\"has-text-align-right has-nv-text-dark-bg-color has-text-color\" style=\"font-size:25px\"><em>Autoezagutza ez da fenomeno kognitibo hutsa<\/em><\/p>\n<\/div><\/div>\n\n\n\n<p class=\"has-text-align-right has-nv-text-dark-bg-color has-text-color\" style=\"font-size:25px\"><em>El autoconocimiento no es un fenomeno puramente cognitivo <\/em><\/p>\n\n\n\n<p class=\"has-text-align-right has-nv-site-bg-color has-text-color has-medium-font-size\"><em>&#8211;Claudio Naranjo<\/em><\/p>\n<\/div><\/div>\n<\/div><\/div>\n<\/div><\/div>\n\n\n\n<div style=\"height:20px\" aria-hidden=\"true\" class=\"wp-block-spacer\"><\/div>\n\n\n\n<div class=\"wp-block-columns is-layout-flex wp-container-core-columns-is-layout-9d6595d7 wp-block-columns-is-layout-flex\">\n<div class=\"wp-block-column is-vertically-aligned-top is-layout-flow wp-block-column-is-layout-flow\" style=\"flex-basis:40%\">\n<h2 class=\"has-text-align-center wp-block-heading\">Aurkezpena<\/h2>\n\n\n\n<p class=\"text-justified\">Psikologiako lizentziatura ikasi nuen psikologia klinikako espezialitatean, giza jokabidea oro har, eta bereziki neurea, ulertzeko beharrak gidatuta.<\/p>\n\n\n\n<p class=\"text-justified\">Prozesu horretan,<span class=\"has-inline-color has-neve-link-color-color\"> <\/span><strong><span class=\"has-inline-color has-neve-text-color-color\">Gestalt Terapian<\/span><\/strong> eta<strong><span class=\"has-inline-color has-neve-link-color-color\"> <\/span><span class=\"has-inline-color has-neve-text-color-color\">Osasun Psikologia Orokorreko Masterrean<\/span><\/strong> gaitu naiz eta formakuntza ezberdinak egin ditut <strong>orientazio psikoanalitikoko<\/strong> <strong>psikoterapian<\/strong>, <strong>Analisi Transakzionalean<\/strong>, <strong>Eneagraman<\/strong> eta <strong>Teoria Polivagalean<\/strong>.<\/p>\n\n\n\n<p>Etengabeko ikaskuntza da nire ibilbide pertsonalaren eta profesionalaren funtsezko ardatza.<\/p>\n<\/div>\n\n\n\n<div class=\"wp-block-column is-vertically-aligned-bottom is-layout-flow wp-block-column-is-layout-flow\">\n<div class=\"wp-block-cover aligncenter has-background-dim-10 has-nv-site-bg-background-color has-background-dim\" style=\"min-height:533px;aspect-ratio:unset;\"><img loading=\"lazy\" decoding=\"async\" width=\"388\" height=\"1200\" class=\"wp-block-cover__image-background wp-image-3740\" alt=\"\" src=\"https:\/\/www.amaialasapsicologa.com\/wp-content\/uploads\/2021\/05\/pendulo-alargado-bg-tuned.png\" style=\"object-position:50% 84%\" data-object-fit=\"cover\" data-object-position=\"50% 84%\" srcset=\"https:\/\/amaialasapsicologa.com\/wp-content\/uploads\/2021\/05\/pendulo-alargado-bg-tuned.png 388w, https:\/\/amaialasapsicologa.com\/wp-content\/uploads\/2021\/05\/pendulo-alargado-bg-tuned-97x300.png 97w, https:\/\/amaialasapsicologa.com\/wp-content\/uploads\/2021\/05\/pendulo-alargado-bg-tuned-331x1024.png 331w\" sizes=\"auto, (max-width: 388px) 100vw, 388px\" \/><div class=\"wp-block-cover__inner-container is-layout-flow wp-block-cover-is-layout-flow\">\n<p class=\"has-text-align-center has-large-font-size\"><\/p>\n<\/div><\/div>\n<\/div>\n\n\n\n<div class=\"wp-block-column is-vertically-aligned-top is-layout-flow wp-block-column-is-layout-flow\" style=\"flex-basis:40%\">\n<h2 class=\"has-text-align-center wp-block-heading\">Presentaci\u00f3n<\/h2>\n\n\n\n<p class=\"text-justified\" id=\"block-692d7a09-2bab-4756-9354-4cdcd65c7160\">Estudi\u00e9 la licenciatura de psicolog\u00eda, en la especialidad de psicolog\u00eda cl\u00ednica, guiada por la necesidad de comprender la conducta humana, en general, y la m\u00eda propia, en particular.<\/p>\n\n\n\n<p class=\"text-justified\" id=\"block-aeba3cce-3014-4a2c-a631-6375d6fa444a\">En ese proceso he realizado la capacitaci\u00f3n en <span class=\"has-inline-color has-neve-text-color-color\"><strong>Terapia Gestalt<\/strong> <\/span>y el <strong><span class=\"has-inline-color has-neve-text-color-color\">M\u00e1ster en Psicolog\u00eda General Sanitaria<\/span><\/strong>, as\u00ed como diversa formaci\u00f3n en <strong>psicoterapia de orientaci\u00f3n psicoanal\u00edtica<\/strong>, <strong>An\u00e1lisis Transaccional<\/strong>, <strong>Eneagrama<\/strong> y <strong>Teor\u00eda Polivagal<\/strong>.<\/p>\n\n\n\n<p class=\"text-justified\" id=\"block-80205305-106b-4789-ad6a-cac817bb3215\">El aprendizaje continuo sigue siendo el factor clave de mi trayectoria personal y profesional.<\/p>\n<\/div>\n<\/div>\n\n\n\n<div class=\"wp-block-group\"><div class=\"wp-block-group__inner-container is-layout-flow wp-block-group-is-layout-flow\">\n<p class=\"has-neve-text-color-color has-text-color\"><\/p>\n<\/div><\/div>\n\n\n\n<div style=\"height:50px\" aria-hidden=\"true\" class=\"wp-block-spacer\"><\/div>\n","protected":false},"excerpt":{"rendered":"<p>Aurkezpena Psikologiako lizentziatura ikasi nuen psikologia klinikako espezialitatean, giza jokabidea oro har, eta bereziki neurea, ulertzeko beharrak gidatuta. Prozesu horretan, Gestalt Terapian eta Osasun Psikologia Orokorreko Masterrean gaitu naiz eta formakuntza ezberdinak egin ditut orientazio psikoanalitikoko psikoterapian, Analisi Transakzionalean, Eneagraman eta Teoria Polivagalean. Etengabeko ikaskuntza da nire ibilbide pertsonalaren eta profesionalaren funtsezko ardatza. Presentaci\u00f3n Estudi\u00e9&hellip;&nbsp;<a href=\"https:\/\/amaialasapsicologa.com\/?page_id=3572\" class=\"\" rel=\"bookmark\">Leer m\u00e1s &raquo;<span class=\"screen-reader-text\">Presentaci\u00f3n<\/span><\/a><\/p>\n","protected":false},"author":1,"featured_media":0,"parent":0,"menu_order":0,"comment_status":"closed","ping_status":"closed","template":"","meta":{"neve_meta_sidebar":"full-width","neve_meta_container":"","neve_meta_enable_content_width":"on","neve_meta_content_width":100,"neve_meta_title_alignment":"","neve_meta_author_avatar":"","neve_post_elements_order":"","neve_meta_disable_header":"","neve_meta_disable_footer":"","neve_meta_disable_title":"on","footnotes":""},"class_list":["post-3572","page","type-page","status-publish","hentry"],"_links":{"self":[{"href":"https:\/\/amaialasapsicologa.com\/index.php?rest_route=\/wp\/v2\/pages\/3572","targetHints":{"allow":["GET"]}}],"collection":[{"href":"https:\/\/amaialasapsicologa.com\/index.php?rest_route=\/wp\/v2\/pages"}],"about":[{"href":"https:\/\/amaialasapsicologa.com\/index.php?rest_route=\/wp\/v2\/types\/page"}],"author":[{"embeddable":true,"href":"https:\/\/amaialasapsicologa.com\/index.php?rest_route=\/wp\/v2\/users\/1"}],"replies":[{"embeddable":true,"href":"https:\/\/amaialasapsicologa.com\/index.php?rest_route=%2Fwp%2Fv2%2Fcomments&post=3572"}],"version-history":[{"count":22,"href":"https:\/\/amaialasapsicologa.com\/index.php?rest_route=\/wp\/v2\/pages\/3572\/revisions"}],"predecessor-version":[{"id":3788,"href":"https:\/\/amaialasapsicologa.com\/index.php?rest_route=\/wp\/v2\/pages\/3572\/revisions\/3788"}],"wp:attachment":[{"href":"https:\/\/amaialasapsicologa.com\/index.php?rest_route=%2Fwp%2Fv2%2Fmedia&parent=3572"}],"curies":[{"name":"wp","href":"https:\/\/api.w.org\/{rel}","templated":true}]}}